{"id":158,"date":"2020-02-17T15:00:20","date_gmt":"2020-02-17T15:00:20","guid":{"rendered":"http:\/\/bizix.premiumthemes.in\/?page_id=158"},"modified":"2024-01-30T09:24:55","modified_gmt":"2024-01-30T08:24:55","slug":"home-1","status":"publish","type":"page","link":"https:\/\/www.uniaide.org\/","title":{"rendered":"Home 1"},"content":{"rendered":"\t\t<div data-elementor-type=\"wp-page\" data-elementor-id=\"158\" class=\"elementor elementor-158\">\n\t\t\t\t\t\t\t\t\t<section class=\"elementor-section elementor-top-section elementor-element elementor-element-66881864 elementor-section-stretched elementor-section-boxed elementor-section-height-default elementor-section-height-default\" data-id=\"66881864\" data-element_type=\"section\" data-settings=\"{&quot;stretch_section&quot;:&quot;section-stretched&quot;}\">\n\t\t\t\t\t\t<div class=\"elementor-container elementor-column-gap-no\">\n\t\t\t\t\t<div class=\"elementor-column elementor-col-50 elementor-top-column elementor-element elementor-element-125c2ecd\" data-id=\"125c2ecd\" data-element_type=\"column\">\n\t\t\t<div class=\"elementor-widget-wrap elementor-element-populated\">\n\t\t\t\t\t\t\t\t<div class=\"elementor-element elementor-element-5439f5b3 elementor-widget elementor-widget-image\" data-id=\"5439f5b3\" data-element_type=\"widget\" data-widget_type=\"image.default\">\n\t\t\t\t<div class=\"elementor-widget-container\">\n\t\t\t<style>\/*! elementor - v3.18.0 - 20-12-2023 *\/\n.elementor-widget-image{text-align:center}.elementor-widget-image a{display:inline-block}.elementor-widget-image a img[src$=\".svg\"]{width:48px}.elementor-widget-image img{vertical-align:middle;display:inline-block}<\/style>\t\t\t\t\t\t\t\t\t\t\t\t<img fetchpriority=\"high\" decoding=\"async\" width=\"512\" height=\"512\" src=\"https:\/\/www.uniaide.org\/wp-content\/uploads\/2024\/01\/home.jpg\" class=\"attachment-full size-full wp-image-7900\" alt=\"\" srcset=\"https:\/\/www.uniaide.org\/wp-content\/uploads\/2024\/01\/home.jpg 512w, https:\/\/www.uniaide.org\/wp-content\/uploads\/2024\/01\/home-300x300.jpg 300w, https:\/\/www.uniaide.org\/wp-content\/uploads\/2024\/01\/home-150x150.jpg 150w, https:\/\/www.uniaide.org\/wp-content\/uploads\/2024\/01\/home-90x90.jpg 90w\" sizes=\"(max-width: 512px) 100vw, 512px\" \/>\t\t\t\t\t\t\t\t\t\t\t\t\t\t\t<\/div>\n\t\t\t\t<\/div>\n\t\t\t\t\t<\/div>\n\t\t<\/div>\n\t\t\t\t<div class=\"elementor-column elementor-col-50 elementor-top-column elementor-element elementor-element-1b7c9fb3\" data-id=\"1b7c9fb3\" data-element_type=\"column\">\n\t\t\t<div class=\"elementor-widget-wrap elementor-element-populated\">\n\t\t\t\t\t\t\t\t<div class=\"elementor-element elementor-element-4285cd2e gyan-title-st-line-after gyan-title-desc-left elementor-widget elementor-widget-gyan_title\" data-id=\"4285cd2e\" data-element_type=\"widget\" data-widget_type=\"gyan_title.default\">\n\t\t\t\t<div class=\"elementor-widget-container\">\n\t\t\t\t\t<div class=\"gyan-title\">\r\n\t\t\t<div class=\"gyan-title-subtitle\"><span>Qui sommes-nous ?<\/span><\/div><h2 class=\"gyan-title-heading\">Tous unis pour une aide !<\/h2><div class=\"gyan-title-desc\">L\u2019association <b>uniaide.org<\/b> est une association \u00e0 but non lucratif qui a pour mission de soutenir les associations humanitaires dans leurs actions sociales, m\u00e9dicales et culturelles. <br>Nous intervenons dans plusieurs domaines, tels que :<br>\n\u2022 <b>Le soutien logistique<\/b> : de la communication, de la formation, etc. aux associations qui en ont besoin pour mener \u00e0 bien leurs projets.<br>\n\u2022 <b>Le soutien financier<\/b> : nous octroyons des cr\u00e9dits gratuits \u00e0 tout porteur de projet qui promeut ou d\u00e9veloppe des services aux personnes \u00e2g\u00e9es, malades ou d\u00e9munies, ou \u00e0 toute association dont la situation justifie notre intervention.<br>\n\u2022 <b>Le soutien humain<\/b> : nous rompons l\u2019isolement et les difficult\u00e9s ponctuelles que les personnes peuvent rencontrer, en leur offrant de l\u2019\u00e9coute, de l\u2019accompagnement, de l\u2019animation, etc.\n<\/div>\t\t<\/div>\r\n\t\t\t\t<\/div>\n\t\t\t\t<\/div>\n\t\t\t\t\t<\/div>\n\t\t<\/div>\n\t\t\t\t\t\t\t<\/div>\n\t\t<\/section>\n\t\t<div class=\"elementor-element elementor-element-f746510 e-flex e-con-boxed e-con e-parent\" data-id=\"f746510\" data-element_type=\"container\" data-settings=\"{&quot;content_width&quot;:&quot;boxed&quot;}\" data-core-v316-plus=\"true\">\n\t\t\t\t\t<div class=\"e-con-inner\">\n\t\t<div class=\"elementor-element elementor-element-6f32240 e-flex e-con-boxed e-con e-child\" data-id=\"6f32240\" data-element_type=\"container\" data-settings=\"{&quot;content_width&quot;:&quot;boxed&quot;}\">\n\t\t\t\t\t<div class=\"e-con-inner\">\n\t\t\t\t\t<\/div>\n\t\t\t\t<\/div>\n\t\t\t\t<div class=\"elementor-element elementor-element-011929e elementor-widget elementor-widget-heading\" data-id=\"011929e\" data-element_type=\"widget\" data-widget_type=\"heading.default\">\n\t\t\t\t<div class=\"elementor-widget-container\">\n\t\t\t<style>\/*! elementor - v3.18.0 - 20-12-2023 *\/\n.elementor-heading-title{padding:0;margin:0;line-height:1}.elementor-widget-heading .elementor-heading-title[class*=elementor-size-]>a{color:inherit;font-size:inherit;line-height:inherit}.elementor-widget-heading .elementor-heading-title.elementor-size-small{font-size:15px}.elementor-widget-heading .elementor-heading-title.elementor-size-medium{font-size:19px}.elementor-widget-heading .elementor-heading-title.elementor-size-large{font-size:29px}.elementor-widget-heading .elementor-heading-title.elementor-size-xl{font-size:39px}.elementor-widget-heading .elementor-heading-title.elementor-size-xxl{font-size:59px}<\/style><h3 class=\"elementor-heading-title elementor-size-default\">Ils nous ont t\u00e9moign\u00e9 leur solidarit\u00e9<\/h3>\t\t<\/div>\n\t\t\t\t<\/div>\n\t\t\t\t\t<\/div>\n\t\t\t\t<\/div>\n\t\t\t\t<section class=\"elementor-section elementor-top-section elementor-element elementor-element-53b45fd4 elementor-section-boxed elementor-section-height-default elementor-section-height-default\" data-id=\"53b45fd4\" data-element_type=\"section\">\n\t\t\t\t\t\t<div class=\"elementor-container elementor-column-gap-no\">\n\t\t\t\t\t<div class=\"elementor-column elementor-col-100 elementor-top-column elementor-element elementor-element-f21d4cb\" data-id=\"f21d4cb\" data-element_type=\"column\">\n\t\t\t<div class=\"elementor-widget-wrap elementor-element-populated\">\n\t\t\t\t\t\t\t\t<div class=\"elementor-element elementor-element-728fe4d8 elementor-widget elementor-widget-gyan_image_carousel\" data-id=\"728fe4d8\" data-element_type=\"widget\" data-widget_type=\"gyan_image_carousel.default\">\n\t\t\t\t<div class=\"elementor-widget-container\">\n\t\t\t\t\t<div class=\"gyan-image-carousel owl-carousel \" data-autoplay=\"yes\" data-pause=\"yes\" data-mouse-drag=\"yes\" data-touch-drag=\"yes\" data-loop=\"yes\" data-speed=\"1000\" data-delay=\"5000\" data-margin=\"50\" data-breakpoint1-items=\"5\" data-breakpoint2-items=\"4\" data-breakpoint3-items=\"3\" data-breakpoint4-items=\"2\" data-breakpoint5-items=\"2\" data-breakpoint6-items=\"1\" data-rtl=\"false\">\r\n\t\t\t\t\t\t\t\t\t\t<div class=\"gyan-image-item\">\r\n\t\t\t\t\t\t\t\t<div class=\"gyan-image-item-inner\">\r\n\t\t\t\t\t\t\t\t\t<a href=\"\" >\r\n\t\t\t\t\t\t\t\t\t\t<img decoding=\"async\" width=\"400\" height=\"267\" src=\"https:\/\/www.uniaide.org\/wp-content\/uploads\/2024\/01\/EKTech.png\" class=\"attachment-full size-full\" alt=\"eK Tech\" srcset=\"https:\/\/www.uniaide.org\/wp-content\/uploads\/2024\/01\/EKTech.png 400w, https:\/\/www.uniaide.org\/wp-content\/uploads\/2024\/01\/EKTech-300x200.png 300w\" sizes=\"(max-width: 400px) 100vw, 400px\" \/>\t\t\t\t\t\t\t\t\t<\/a>\r\n\t\t\t\t\t\t\t\t<\/div>\r\n\t\t\t\t\t\t\t<\/div>\r\n\t\t\t\t\t\t\t\t\t\t\t\t\t\t<div class=\"gyan-image-item\">\r\n\t\t\t\t\t\t\t\t<div class=\"gyan-image-item-inner\">\r\n\t\t\t\t\t\t\t\t\t<a href=\"\" >\r\n\t\t\t\t\t\t\t\t\t\t<img decoding=\"async\" width=\"400\" height=\"267\" src=\"https:\/\/www.uniaide.org\/wp-content\/uploads\/2024\/01\/JKConcept.png\" class=\"attachment-full size-full\" alt=\"JK Concept\" srcset=\"https:\/\/www.uniaide.org\/wp-content\/uploads\/2024\/01\/JKConcept.png 400w, https:\/\/www.uniaide.org\/wp-content\/uploads\/2024\/01\/JKConcept-300x200.png 300w\" sizes=\"(max-width: 400px) 100vw, 400px\" \/>\t\t\t\t\t\t\t\t\t<\/a>\r\n\t\t\t\t\t\t\t\t<\/div>\r\n\t\t\t\t\t\t\t<\/div>\r\n\t\t\t\t\t\t\t\t\t\t\t\t\t\t<div class=\"gyan-image-item\">\r\n\t\t\t\t\t\t\t\t<div class=\"gyan-image-item-inner\">\r\n\t\t\t\t\t\t\t\t\t<a href=\"\" >\r\n\t\t\t\t\t\t\t\t\t\t<img loading=\"lazy\" decoding=\"async\" width=\"400\" height=\"267\" src=\"https:\/\/www.uniaide.org\/wp-content\/uploads\/2024\/01\/InfoSystems.png\" class=\"attachment-full size-full\" alt=\"Info Systems\" srcset=\"https:\/\/www.uniaide.org\/wp-content\/uploads\/2024\/01\/InfoSystems.png 400w, https:\/\/www.uniaide.org\/wp-content\/uploads\/2024\/01\/InfoSystems-300x200.png 300w\" sizes=\"(max-width: 400px) 100vw, 400px\" \/>\t\t\t\t\t\t\t\t\t<\/a>\r\n\t\t\t\t\t\t\t\t<\/div>\r\n\t\t\t\t\t\t\t<\/div>\r\n\t\t\t\t\t\t\t\t\t\t\t\t\t\t<div class=\"gyan-image-item\">\r\n\t\t\t\t\t\t\t\t<div class=\"gyan-image-item-inner\">\r\n\t\t\t\t\t\t\t\t\t<a href=\"\" >\r\n\t\t\t\t\t\t\t\t\t\t<img loading=\"lazy\" decoding=\"async\" width=\"400\" height=\"267\" src=\"https:\/\/www.uniaide.org\/wp-content\/uploads\/2024\/01\/fke.png\" class=\"attachment-full size-full\" alt=\"FKE\" srcset=\"https:\/\/www.uniaide.org\/wp-content\/uploads\/2024\/01\/fke.png 400w, https:\/\/www.uniaide.org\/wp-content\/uploads\/2024\/01\/fke-300x200.png 300w\" sizes=\"(max-width: 400px) 100vw, 400px\" \/>\t\t\t\t\t\t\t\t\t<\/a>\r\n\t\t\t\t\t\t\t\t<\/div>\r\n\t\t\t\t\t\t\t<\/div>\r\n\t\t\t\t\t\t\t\t\t<\/div>\r\n\t\t\t\t<\/div>\n\t\t\t\t<\/div>\n\t\t\t\t<div class=\"elementor-element elementor-element-307181bf elementor-widget-divider--view-line elementor-widget elementor-widget-divider\" data-id=\"307181bf\" data-element_type=\"widget\" data-widget_type=\"divider.default\">\n\t\t\t\t<div class=\"elementor-widget-container\">\n\t\t\t<style>\/*! elementor - v3.18.0 - 20-12-2023 *\/\n.elementor-widget-divider{--divider-border-style:none;--divider-border-width:1px;--divider-color:#0c0d0e;--divider-icon-size:20px;--divider-element-spacing:10px;--divider-pattern-height:24px;--divider-pattern-size:20px;--divider-pattern-url:none;--divider-pattern-repeat:repeat-x}.elementor-widget-divider .elementor-divider{display:flex}.elementor-widget-divider .elementor-divider__text{font-size:15px;line-height:1;max-width:95%}.elementor-widget-divider .elementor-divider__element{margin:0 var(--divider-element-spacing);flex-shrink:0}.elementor-widget-divider .elementor-icon{font-size:var(--divider-icon-size)}.elementor-widget-divider .elementor-divider-separator{display:flex;margin:0;direction:ltr}.elementor-widget-divider--view-line_icon .elementor-divider-separator,.elementor-widget-divider--view-line_text .elementor-divider-separator{align-items:center}.elementor-widget-divider--view-line_icon .elementor-divider-separator:after,.elementor-widget-divider--view-line_icon .elementor-divider-separator:before,.elementor-widget-divider--view-line_text .elementor-divider-separator:after,.elementor-widget-divider--view-line_text .elementor-divider-separator:before{display:block;content:\"\";border-bottom:0;flex-grow:1;border-top:var(--divider-border-width) var(--divider-border-style) var(--divider-color)}.elementor-widget-divider--element-align-left .elementor-divider .elementor-divider-separator>.elementor-divider__svg:first-of-type{flex-grow:0;flex-shrink:100}.elementor-widget-divider--element-align-left .elementor-divider-separator:before{content:none}.elementor-widget-divider--element-align-left .elementor-divider__element{margin-left:0}.elementor-widget-divider--element-align-right .elementor-divider .elementor-divider-separator>.elementor-divider__svg:last-of-type{flex-grow:0;flex-shrink:100}.elementor-widget-divider--element-align-right .elementor-divider-separator:after{content:none}.elementor-widget-divider--element-align-right .elementor-divider__element{margin-right:0}.elementor-widget-divider:not(.elementor-widget-divider--view-line_text):not(.elementor-widget-divider--view-line_icon) .elementor-divider-separator{border-top:var(--divider-border-width) var(--divider-border-style) var(--divider-color)}.elementor-widget-divider--separator-type-pattern{--divider-border-style:none}.elementor-widget-divider--separator-type-pattern.elementor-widget-divider--view-line .elementor-divider-separator,.elementor-widget-divider--separator-type-pattern:not(.elementor-widget-divider--view-line) .elementor-divider-separator:after,.elementor-widget-divider--separator-type-pattern:not(.elementor-widget-divider--view-line) .elementor-divider-separator:before,.elementor-widget-divider--separator-type-pattern:not([class*=elementor-widget-divider--view]) .elementor-divider-separator{width:100%;min-height:var(--divider-pattern-height);-webkit-mask-size:var(--divider-pattern-size) 100%;mask-size:var(--divider-pattern-size) 100%;-webkit-mask-repeat:var(--divider-pattern-repeat);mask-repeat:var(--divider-pattern-repeat);background-color:var(--divider-color);-webkit-mask-image:var(--divider-pattern-url);mask-image:var(--divider-pattern-url)}.elementor-widget-divider--no-spacing{--divider-pattern-size:auto}.elementor-widget-divider--bg-round{--divider-pattern-repeat:round}.rtl .elementor-widget-divider .elementor-divider__text{direction:rtl}.e-con-inner>.elementor-widget-divider,.e-con>.elementor-widget-divider{width:var(--container-widget-width,100%);--flex-grow:var(--container-widget-flex-grow)}<\/style>\t\t<div class=\"elementor-divider\">\n\t\t\t<span class=\"elementor-divider-separator\">\n\t\t\t\t\t\t<\/span>\n\t\t<\/div>\n\t\t\t\t<\/div>\n\t\t\t\t<\/div>\n\t\t\t\t\t<\/div>\n\t\t<\/div>\n\t\t\t\t\t\t\t<\/div>\n\t\t<\/section>\n\t\t\t\t\t\t\t<\/div>\n\t\t","protected":false},"excerpt":{"rendered":"<p>Qui sommes-nous ? Tous unis pour une aide ! L\u2019association uniaide.org est une association \u00e0 but non lucratif qui a pour mission de soutenir les associations humanitaires dans leurs actions sociales, m\u00e9dicales et culturelles. Nous intervenons dans plusieurs domaines, tels que : \u2022 Le soutien logistique : de la communication, [&hellip;]<\/p>\n","protected":false},"author":1,"featured_media":0,"parent":0,"menu_order":0,"comment_status":"closed","ping_status":"closed","template":"elementor_header_footer","meta":{"footnotes":""},"class_list":["post-158","page","type-page","status-publish","hentry"],"_links":{"self":[{"href":"https:\/\/www.uniaide.org\/index.php\/wp-json\/wp\/v2\/pages\/158","targetHints":{"allow":["GET"]}}],"collection":[{"href":"https:\/\/www.uniaide.org\/index.php\/wp-json\/wp\/v2\/pages"}],"about":[{"href":"https:\/\/www.uniaide.org\/index.php\/wp-json\/wp\/v2\/types\/page"}],"author":[{"embeddable":true,"href":"https:\/\/www.uniaide.org\/index.php\/wp-json\/wp\/v2\/users\/1"}],"replies":[{"embeddable":true,"href":"https:\/\/www.uniaide.org\/index.php\/wp-json\/wp\/v2\/comments?post=158"}],"version-history":[{"count":63,"href":"https:\/\/www.uniaide.org\/index.php\/wp-json\/wp\/v2\/pages\/158\/revisions"}],"predecessor-version":[{"id":8143,"href":"https:\/\/www.uniaide.org\/index.php\/wp-json\/wp\/v2\/pages\/158\/revisions\/8143"}],"wp:attachment":[{"href":"https:\/\/www.uniaide.org\/index.php\/wp-json\/wp\/v2\/media?parent=158"}],"curies":[{"name":"wp","href":"https:\/\/api.w.org\/{rel}","templated":true}]}}