{"id":7979,"date":"2024-01-16T12:33:35","date_gmt":"2024-01-16T11:33:35","guid":{"rendered":"https:\/\/www.uniaide.org\/?page_id=7979"},"modified":"2024-01-16T15:13:45","modified_gmt":"2024-01-16T14:13:45","slug":"nous-rejoindre","status":"publish","type":"page","link":"https:\/\/www.uniaide.org\/index.php\/nous-rejoindre\/","title":{"rendered":"Nous Rejoindre"},"content":{"rendered":"\t\t<div data-elementor-type=\"wp-page\" data-elementor-id=\"7979\" class=\"elementor elementor-7979\">\n\t\t\t\t\t\t\t\t\t<section class=\"elementor-section elementor-top-section elementor-element elementor-element-31e82332 elementor-section-stretched elementor-section-boxed elementor-section-height-default elementor-section-height-default\" data-id=\"31e82332\" data-element_type=\"section\" data-settings=\"{&quot;stretch_section&quot;:&quot;section-stretched&quot;,&quot;background_background&quot;:&quot;classic&quot;}\">\n\t\t\t\t\t\t\t<div class=\"elementor-background-overlay\"><\/div>\n\t\t\t\t\t\t\t<div class=\"elementor-container elementor-column-gap-no\">\n\t\t\t\t\t<div class=\"elementor-column elementor-col-100 elementor-top-column elementor-element elementor-element-798f6e0f\" data-id=\"798f6e0f\" data-element_type=\"column\">\n\t\t\t<div class=\"elementor-widget-wrap elementor-element-populated\">\n\t\t\t\t\t\t\t\t<section class=\"elementor-section elementor-inner-section elementor-element elementor-element-1ac58d8e elementor-section-boxed elementor-section-height-default elementor-section-height-default\" data-id=\"1ac58d8e\" data-element_type=\"section\">\n\t\t\t\t\t\t<div class=\"elementor-container elementor-column-gap-no\">\n\t\t\t\t\t<div class=\"elementor-column elementor-col-50 elementor-inner-column elementor-element elementor-element-79e1b852\" data-id=\"79e1b852\" data-element_type=\"column\">\n\t\t\t<div class=\"elementor-widget-wrap elementor-element-populated\">\n\t\t\t\t\t\t\t\t<div class=\"elementor-element elementor-element-172b71bb gyan-title-st-line-after gyan-title-desc-left elementor-widget elementor-widget-gyan_title\" data-id=\"172b71bb\" data-element_type=\"widget\" data-widget_type=\"gyan_title.default\">\n\t\t\t\t<div class=\"elementor-widget-container\">\n\t\t\t\t\t<div class=\"gyan-title\">\r\n\t\t\t<div class=\"gyan-title-subtitle\"><span>Comment nous rejoindre ?<\/span><\/div><h2 class=\"gyan-title-heading\">Rejoignez-nous : b\u00e9n\u00e9volat, dons, partenariats.<\/h2><div class=\"gyan-title-desc\">Si vous souhaitez faire partie de l\u2019association uniaide.org, vous pouvez :<br>\n\u2022 <b>Devenir b\u00e9n\u00e9vole<\/b> : vous pouvez nous aider \u00e0 r\u00e9aliser nos actions, en fonction de vos comp\u00e9tences, de vos disponibilit\u00e9s et de vos envies. Vous pouvez nous contacter par t\u00e9l\u00e9phone, par e-mail ou via notre formulaire en ligne pour nous faire part de votre candidature.<br>\n\u2022 <b>Devenir donateur<\/b> : vous pouvez nous soutenir financi\u00e8rement, en faisant un don ponctuel ou r\u00e9gulier, par ch\u00e8que, par virement ou via notre plateforme de paiement s\u00e9curis\u00e9e en ligne. Vous b\u00e9n\u00e9ficierez d\u2019une r\u00e9duction d\u2019imp\u00f4t de 66% du montant de votre don, dans la limite de 20% de votre revenu imposable.<br>\n\u2022 <b>Devenir partenaire<\/b> : vous pouvez nouer un partenariat avec nous, si vous \u00eates une entreprise, une institution, une fondation, une association, etc. Vous pouvez nous apporter votre expertise, votre r\u00e9seau, votre visibilit\u00e9, etc. Vous pouvez nous contacter par t\u00e9l\u00e9phone, par e-mail ou via notre formulaire en ligne pour nous pr\u00e9senter votre proposition.\n<\/div>\t\t<\/div>\r\n\t\t\t\t<\/div>\n\t\t\t\t<\/div>\n\t\t\t\t\t<\/div>\n\t\t<\/div>\n\t\t\t\t<div class=\"elementor-column elementor-col-50 elementor-inner-column elementor-element elementor-element-4803081c\" data-id=\"4803081c\" data-element_type=\"column\">\n\t\t\t<div class=\"elementor-widget-wrap elementor-element-populated\">\n\t\t\t\t\t\t\t\t<div class=\"elementor-element elementor-element-1ff6e9a7 elementor-widget elementor-widget-image\" data-id=\"1ff6e9a7\" data-element_type=\"widget\" data-widget_type=\"image.default\">\n\t\t\t\t<div class=\"elementor-widget-container\">\n\t\t\t<style>\/*! elementor - v3.18.0 - 20-12-2023 *\/\n.elementor-widget-image{text-align:center}.elementor-widget-image a{display:inline-block}.elementor-widget-image a img[src$=\".svg\"]{width:48px}.elementor-widget-image img{vertical-align:middle;display:inline-block}<\/style>\t\t\t\t\t\t\t\t\t\t\t\t<img fetchpriority=\"high\" decoding=\"async\" width=\"707\" height=\"819\" src=\"https:\/\/www.uniaide.org\/wp-content\/uploads\/2024\/01\/nousrejoindre.jpg\" class=\"attachment-full size-full wp-image-7989\" alt=\"\" srcset=\"https:\/\/www.uniaide.org\/wp-content\/uploads\/2024\/01\/nousrejoindre.jpg 707w, https:\/\/www.uniaide.org\/wp-content\/uploads\/2024\/01\/nousrejoindre-259x300.jpg 259w\" sizes=\"(max-width: 707px) 100vw, 707px\" \/>\t\t\t\t\t\t\t\t\t\t\t\t\t\t\t<\/div>\n\t\t\t\t<\/div>\n\t\t\t\t\t<\/div>\n\t\t<\/div>\n\t\t\t\t\t\t\t<\/div>\n\t\t<\/section>\n\t\t\t\t\t<\/div>\n\t\t<\/div>\n\t\t\t\t\t\t\t<\/div>\n\t\t<\/section>\n\t\t\t\t\t\t\t<\/div>\n\t\t","protected":false},"excerpt":{"rendered":"<p>Comment nous rejoindre ? Rejoignez-nous : b\u00e9n\u00e9volat, dons, partenariats. Si vous souhaitez faire partie de l\u2019association uniaide.org, vous pouvez : \u2022 Devenir b\u00e9n\u00e9vole : vous pouvez nous aider \u00e0 r\u00e9aliser nos actions, en fonction de vos comp\u00e9tences, de vos disponibilit\u00e9s et de vos envies. Vous pouvez nous contacter par t\u00e9l\u00e9phone, [&hellip;]<\/p>\n","protected":false},"author":1,"featured_media":0,"parent":0,"menu_order":0,"comment_status":"closed","ping_status":"closed","template":"elementor_header_footer","meta":{"footnotes":""},"class_list":["post-7979","page","type-page","status-publish","hentry"],"_links":{"self":[{"href":"https:\/\/www.uniaide.org\/index.php\/wp-json\/wp\/v2\/pages\/7979","targetHints":{"allow":["GET"]}}],"collection":[{"href":"https:\/\/www.uniaide.org\/index.php\/wp-json\/wp\/v2\/pages"}],"about":[{"href":"https:\/\/www.uniaide.org\/index.php\/wp-json\/wp\/v2\/types\/page"}],"author":[{"embeddable":true,"href":"https:\/\/www.uniaide.org\/index.php\/wp-json\/wp\/v2\/users\/1"}],"replies":[{"embeddable":true,"href":"https:\/\/www.uniaide.org\/index.php\/wp-json\/wp\/v2\/comments?post=7979"}],"version-history":[{"count":10,"href":"https:\/\/www.uniaide.org\/index.php\/wp-json\/wp\/v2\/pages\/7979\/revisions"}],"predecessor-version":[{"id":7992,"href":"https:\/\/www.uniaide.org\/index.php\/wp-json\/wp\/v2\/pages\/7979\/revisions\/7992"}],"wp:attachment":[{"href":"https:\/\/www.uniaide.org\/index.php\/wp-json\/wp\/v2\/media?parent=7979"}],"curies":[{"name":"wp","href":"https:\/\/api.w.org\/{rel}","templated":true}]}}